{"id":136,"date":"2019-02-25T18:57:41","date_gmt":"2019-02-25T17:57:41","guid":{"rendered":"http:\/\/dev.pandapoint.cz\/projekty\/elektro\/?page_id=136"},"modified":"2019-02-26T17:10:54","modified_gmt":"2019-02-26T16:10:54","slug":"contact","status":"publish","type":"page","link":"https:\/\/www.elektro-kt.cz\/en\/contact\/","title":{"rendered":"Contact"},"content":{"rendered":"<h3><u>Registered Company Office:<\/u><\/h3>\n<p><b>ELEKTRO KT GROUP, Ltd.<\/b><br \/>\nMl\u00fdnsk\u00e1 60\/2<br \/>\n160 00 Praha 6<br \/>\nI\u010c 279 67 280<br \/>\nDI\u010c CZ27967280<\/p>\n<h3><u>Mailing Address:<\/u><\/h3>\n<p>ELEKTRO KT GROUP, Ltd.<br \/>\nPr\u016fmyslov\u00e1 927\/II<br \/>\n339 01 Klatovy<br \/>\nI\u010c 279 67 280<br \/>\nDI\u010c CZ27967280<\/p>\n<p><b>Petr \u0158\u00edha<\/b>\u00a0\u2013 Company Executive<br \/>\n<b>Ivana \u0158\u00edhov\u00e1<\/b>\u00a0&#8211; Company Executive<\/p>\n<h3><u>More telephone contacts:<\/u><\/h3>\n<p>Phone No.: 777 050 763<br \/>\nPhone No.: 376 322 000<br \/>\nFax No.: 376 323 000<br \/>\ne-mail: group@elektro-kt.cz<br \/>\ne-mail riha@elektro-kt.cz<br \/>\nwww elektro-kt.cz<\/p>\n<h3><u>Branch Office in West Bohemia &#8211; West Bohemia<\/u><\/h3>\n<p>Phone No.: 777 050 766 \/Ing. Korec Ji\u0159\u00ed \u2013 Head of Installations<br \/>\nPhone No.: 777 050 769 \/Mr. Sulek Pavel \u2013 Warehousing<\/p>\n","protected":false},"excerpt":{"rendered":"<p>Registered Company Office: ELEKTRO KT GROUP, Ltd. Ml\u00fdnsk\u00e1 60\/2 160 00 Praha 6 I\u010c 279 67 280 DI\u010c CZ27967280 Mailing Address: ELEKTRO KT GROUP, Ltd. Pr\u016fmyslov\u00e1 927\/II 339 01 Klatovy I\u010c 279 67 280 DI\u010c CZ27967280 Petr \u0158\u00edha\u00a0\u2013 Company Executive Ivana \u0158\u00edhov\u00e1\u00a0&#8211; Company Executive More telephone contacts: Phone No.: 777 050 763 Phone No.: 376 [&hellip;]<\/p>\n","protected":false},"author":1,"featured_media":0,"parent":0,"menu_order":0,"comment_status":"closed","ping_status":"closed","template":"templates\/kontakt-template.php","meta":{"footnotes":""},"_links":{"self":[{"href":"https:\/\/www.elektro-kt.cz\/en\/wp-json\/wp\/v2\/pages\/136\/"}],"collection":[{"href":"https:\/\/www.elektro-kt.cz\/en\/wp-json\/wp\/v2\/pages\/"}],"about":[{"href":"https:\/\/www.elektro-kt.cz\/en\/wp-json\/wp\/v2\/types\/page\/"}],"author":[{"embeddable":true,"href":"https:\/\/www.elektro-kt.cz\/en\/wp-json\/wp\/v2\/users\/1\/"}],"replies":[{"embeddable":true,"href":"https:\/\/www.elektro-kt.cz\/en\/wp-json\/wp\/v2\/comments\/?post=136"}],"version-history":[{"count":6,"href":"https:\/\/www.elektro-kt.cz\/en\/wp-json\/wp\/v2\/pages\/136\/revisions\/"}],"predecessor-version":[{"id":243,"href":"https:\/\/www.elektro-kt.cz\/en\/wp-json\/wp\/v2\/pages\/136\/revisions\/243\/"}],"wp:attachment":[{"href":"https:\/\/www.elektro-kt.cz\/en\/wp-json\/wp\/v2\/media\/?parent=136"}],"curies":[{"name":"wp","href":"https:\/\/api.w.org\/{rel}","templated":true}]}}