{"id":181,"date":"2019-02-25T19:16:06","date_gmt":"2019-02-25T18:16:06","guid":{"rendered":"http:\/\/dev.pandapoint.cz\/projekty\/elektro\/?page_id=181"},"modified":"2019-02-25T19:16:06","modified_gmt":"2019-02-25T18:16:06","slug":"spezialtaetigkeit","status":"publish","type":"page","link":"https:\/\/www.elektro-kt.cz\/de\/unsere-dienstleistungen\/spezialtaetigkeit\/","title":{"rendered":"Spezialt\u00e4tigkeit"},"content":{"rendered":"<ul>\n<li>Projekt &#8211; und Beratungst\u00e4tigkeit<\/li>\n<li>Starkstrommontage<\/li>\n<li>Schwachstrommontage<\/li>\n<li>Blitzableitermontage<\/li>\n<li>Montage die Lichtanlagen und Klangapparaturen<\/li>\n<li>Messung und Regulation MaR<\/li>\n<li>Schaltanlagenherstellung<\/li>\n<li>Bauengineering<\/li>\n<li>Erdarbeiten, Versorgung &#8211; und Kabelnetzebau<\/li>\n<li>Revisionen die Elektroinstalationen und Blitzableiterrevisionen &#8211; ausgangs und periodisch<\/li>\n<li>Wartung 25 Stunden<\/li>\n<li>Vermittlung der Diensten und Handels<\/li>\n<li>Baudurchf\u00fchrungen, ihre \u00c4nderungen und Entfernungen<\/li>\n<li>Projektierung von Einfach &#8211; und Kleinbau, Bau\u00e4nderungen und Entfernungen<\/li>\n<li>Kernbohrung<\/li>\n<li>Brandschutzsysteme<\/li>\n<\/ul>\n","protected":false},"excerpt":{"rendered":"<p>Projekt &#8211; und Beratungst\u00e4tigkeit Starkstrommontage Schwachstrommontage Blitzableitermontage Montage die Lichtanlagen und Klangapparaturen Messung und Regulation MaR Schaltanlagenherstellung Bauengineering Erdarbeiten, Versorgung &#8211; und Kabelnetzebau Revisionen die Elektroinstalationen und Blitzableiterrevisionen &#8211; ausgangs und periodisch Wartung 25 Stunden Vermittlung der Diensten und Handels Baudurchf\u00fchrungen, ihre \u00c4nderungen und Entfernungen Projektierung von Einfach &#8211; und Kleinbau, Bau\u00e4nderungen und Entfernungen Kernbohrung [&hellip;]<\/p>\n","protected":false},"author":1,"featured_media":0,"parent":174,"menu_order":0,"comment_status":"closed","ping_status":"closed","template":"templates\/content-template.php","meta":{"footnotes":""},"_links":{"self":[{"href":"https:\/\/www.elektro-kt.cz\/de\/wp-json\/wp\/v2\/pages\/181\/"}],"collection":[{"href":"https:\/\/www.elektro-kt.cz\/de\/wp-json\/wp\/v2\/pages\/"}],"about":[{"href":"https:\/\/www.elektro-kt.cz\/de\/wp-json\/wp\/v2\/types\/page\/"}],"author":[{"embeddable":true,"href":"https:\/\/www.elektro-kt.cz\/de\/wp-json\/wp\/v2\/users\/1\/"}],"replies":[{"embeddable":true,"href":"https:\/\/www.elektro-kt.cz\/de\/wp-json\/wp\/v2\/comments\/?post=181"}],"version-history":[{"count":1,"href":"https:\/\/www.elektro-kt.cz\/de\/wp-json\/wp\/v2\/pages\/181\/revisions\/"}],"predecessor-version":[{"id":182,"href":"https:\/\/www.elektro-kt.cz\/de\/wp-json\/wp\/v2\/pages\/181\/revisions\/182\/"}],"up":[{"embeddable":true,"href":"https:\/\/www.elektro-kt.cz\/de\/wp-json\/wp\/v2\/pages\/174\/"}],"wp:attachment":[{"href":"https:\/\/www.elektro-kt.cz\/de\/wp-json\/wp\/v2\/media\/?parent=181"}],"curies":[{"name":"wp","href":"https:\/\/api.w.org\/{rel}","templated":true}]}}