{"id":179,"date":"2019-02-25T19:14:38","date_gmt":"2019-02-25T18:14:38","guid":{"rendered":"http:\/\/dev.pandapoint.cz\/projekty\/elektro\/?page_id=179"},"modified":"2019-02-25T19:14:38","modified_gmt":"2019-02-25T18:14:38","slug":"schwachstrom","status":"publish","type":"page","link":"https:\/\/www.elektro-kt.cz\/de\/unsere-dienstleistungen\/schwachstrom\/","title":{"rendered":"Schwachstrom"},"content":{"rendered":"<h2 style=\"text-align: left;\">Antennensysteme<\/h2>\n<p>Wir gew\u00e4hrleisten die Antennensysteme vom Entwurf der Verarbeitung und der ben\u00f6tigten Messungen bis zur finalen Realisierung STA, STA\/SAT, STA\/SAT\/DIGITAL.<\/p>\n<h2 style=\"text-align: left;\">Heimtelefon-Verteilung<\/h2>\n<p>Montage dieser Einrichtungen f\u00fchren wir in Zusammenarbeit mit den f\u00fchrenden einheimischen und auch ausl\u00e4ndischen Lieferanten durch. Der Gegenstand der T\u00e4tigkeit ist die Montage sowohl Audio-, als auch Videosysteme.<\/p>\n<h2 style=\"text-align: left;\">Automatische Antriebe<\/h2>\n<p>Automatische Antriebe werden entworfen und realisiert in der Zusammenarbeit mit den renommierten Herstellern BFT, Ducati, Genius usw. Ein Bestandteil der Lieferungen ist eine komplette Lieferung der Schlosserkomponenten.<\/p>\n<h2 style=\"text-align: left;\">Systeme der elektronischen Objektsicherung<\/h2>\n<p>Im Angebot unsrer Firma gibt es die Montage und Projektion des Objektsicherungssystems von kleinen Systemen mit einer einfachen Zentrale \u00fcber weitreichende adressierbare Systeme mit der Adressierung auf einen Einzelsensor bis zu einem kompletten System der Steuerung der Geb\u00e4ude f\u00fcr alle Sicherheitskategorien. Ein Bestandteil der Lieferung kann der Anschluss an die Pulte des Zentralschutzes der Polizei der Tschechischen Republik oder der Sicherheitsdienste sein. Das Angebot an den Nachgarantieservice ist selbstverst\u00e4ndlich. Eine weitere Aktivit\u00e4t ist das Angebot und Realisierung der f\u00fcr die \u00dcberwachung der verlangten Fl\u00e4chen und Objekte bestimmten Kamerasysteme.<\/p>\n<h2 style=\"text-align: left;\">Systeme der Eintrittskontrolle<\/h2>\n<p>Diese Systeme k\u00f6nnen getrennt oder auch als eine Erg\u00e4nzung von EZS installiert werden. Die Grundfunktionen dieser Systeme sind das automatische \u00d6ffnen der T\u00fcr und die Kontrolle der Berechtigung zum Eintritt f\u00fcr konkrete Personen aufgrund deren Identifikation durch eine magnetische oder kontaktlose Karte und weiterhin die \u00dcberwachung dieser Eintritte. Die Systeme k\u00f6nnen zur Kontrolle der Besuchsevidenz der Angestellten oder zur \u00dcberwachung weiterer Informationenl\u00c4ufe dienen.<\/p>\n<h2 style=\"text-align: left;\">Elektronische Feuersignalisierung<\/h2>\n<p>Wir f\u00fchren Projektion und Montage von den einfachsten bis zu den komplizierten Systemen mit einem kombinierten \u00dcberwachungstyp und intelligenten adressierbaren Meldern durch. Wir gew\u00e4hrleisten Feuersignalisierung. Wir bieten Anschluss an die Pulte des zentralen Feuerwehrschutzes an. Nat\u00fcrlich gew\u00e4hrleisten wir ein Nachgarantieservice f\u00fcr diese Einrichtungen.<\/p>\n<h2 style=\"text-align: left;\">Ton- und Informationssysteme<\/h2>\n<p>Wir bieten Lieferung und Installation der Informations- und Rundfunkeinrichtungen f\u00fcr den Innen- und Au\u00dfenbereich an. Wir gew\u00e4hrleisten die Rekonstruktion dieser Einrichtungen inklusiv der Verteilungen.<\/p>\n<h2 style=\"text-align: left;\">Verteiler<\/h2>\n<p>Die Firma bietet die Verteiler der Grundtypreihen RM-RP-OR\/Durchf\u00fchrung OCEP Kunststoff \/ bis 1000 A, weiterhin wird das Angebot um die Verteiler nach W\u00fcnschen und Anforderungen des Kunden von der Verarbeitung der Projektdokumentation bis zur finalen Herstellung erweitert. Diese Produkte haben die Bezeichnung ES\u010c.<\/p>\n<h2 style=\"text-align: left;\">Gesch\u00e4ft<\/h2>\n<p>Die Gesch\u00e4ftst\u00e4tigkeit der Firma basiert auf folgenden Aktivit\u00e4ten:<br \/>\nVerkauf des Elektroinstallationsmaterials<br \/>\nVerkauf der Beleuchtungen<\/p>\n<h2 style=\"text-align: left;\">Kernbohrung der L\u00f6cher<\/h2>\n<p>L\u00f6cher realisieren wir von kleinen Durchmessern bis zu 250 mm, von einfachen Materialien bis Stahlbetonkonstruktionen.<\/p>\n<h2 style=\"text-align: left;\">Feuerdichtungen und L\u00f6cher<\/h2>\n<p>Im Bereich der Abdichtungen arbeitet die Firma als eine autorisierte Montagesektion mit der Firma Hilti mit, es handelt sich um eine Verbindung der Montageorganisation mit einem renommierten Lieferanten der Materialien mit der Gew\u00e4hrleistung aller notwendigen Dokumente und Dokumentationen.<\/p>\n","protected":false},"excerpt":{"rendered":"<p>Antennensysteme Wir gew\u00e4hrleisten die Antennensysteme vom Entwurf der Verarbeitung und der ben\u00f6tigten Messungen bis zur finalen Realisierung STA, STA\/SAT, STA\/SAT\/DIGITAL. Heimtelefon-Verteilung Montage dieser Einrichtungen f\u00fchren wir in Zusammenarbeit mit den f\u00fchrenden einheimischen und auch ausl\u00e4ndischen Lieferanten durch. Der Gegenstand der T\u00e4tigkeit ist die Montage sowohl Audio-, als auch Videosysteme. Automatische Antriebe Automatische Antriebe werden entworfen [&hellip;]<\/p>\n","protected":false},"author":1,"featured_media":0,"parent":174,"menu_order":0,"comment_status":"closed","ping_status":"closed","template":"templates\/content-template.php","meta":{"footnotes":""},"_links":{"self":[{"href":"https:\/\/www.elektro-kt.cz\/de\/wp-json\/wp\/v2\/pages\/179\/"}],"collection":[{"href":"https:\/\/www.elektro-kt.cz\/de\/wp-json\/wp\/v2\/pages\/"}],"about":[{"href":"https:\/\/www.elektro-kt.cz\/de\/wp-json\/wp\/v2\/types\/page\/"}],"author":[{"embeddable":true,"href":"https:\/\/www.elektro-kt.cz\/de\/wp-json\/wp\/v2\/users\/1\/"}],"replies":[{"embeddable":true,"href":"https:\/\/www.elektro-kt.cz\/de\/wp-json\/wp\/v2\/comments\/?post=179"}],"version-history":[{"count":1,"href":"https:\/\/www.elektro-kt.cz\/de\/wp-json\/wp\/v2\/pages\/179\/revisions\/"}],"predecessor-version":[{"id":180,"href":"https:\/\/www.elektro-kt.cz\/de\/wp-json\/wp\/v2\/pages\/179\/revisions\/180\/"}],"up":[{"embeddable":true,"href":"https:\/\/www.elektro-kt.cz\/de\/wp-json\/wp\/v2\/pages\/174\/"}],"wp:attachment":[{"href":"https:\/\/www.elektro-kt.cz\/de\/wp-json\/wp\/v2\/media\/?parent=179"}],"curies":[{"name":"wp","href":"https:\/\/api.w.org\/{rel}","templated":true}]}}