{"id":177,"date":"2019-02-25T19:13:29","date_gmt":"2019-02-25T18:13:29","guid":{"rendered":"http:\/\/dev.pandapoint.cz\/projekty\/elektro\/?page_id=177"},"modified":"2019-02-25T19:13:29","modified_gmt":"2019-02-25T18:13:29","slug":"starkstrom","status":"publish","type":"page","link":"https:\/\/www.elektro-kt.cz\/de\/unsere-dienstleistungen\/starkstrom\/","title":{"rendered":"Starkstrom"},"content":{"rendered":"<h2 style=\"text-align: left;\">Elektroinstallation, Wartung, Service<\/h2>\n<p>Die Firma hat reiche Erfahrungen mit den Elektroinstallationen des Wohn -, Industrie-, Spezialtyps. Diese T\u00e4tigkeiten werden komplex, von der Verarbeitung der Projektdokumentation, Ingenieurgew\u00e4hrleistung, Beratungst\u00e4tigkeit bis zu der finalen Realisierung des Auftrags inklusiv der Erledigung der entsprechenden Dokumente und Erlaubnisse durchgef\u00fchrt.<\/p>\n<h2 style=\"text-align: left;\">Blitzableiter-Systeme<\/h2>\n<p>Wir gew\u00e4hrleisten komplette Lieferungen aller zug\u00e4nglichen Typreihen und Durchf\u00fchrungen mit der Verwendung der Materialien FeZn, Cu, Edelstahl inklusiv der Gew\u00e4hrleistung der Boden- und H\u00f6henarbeiten.<\/p>\n","protected":false},"excerpt":{"rendered":"<p>Elektroinstallation, Wartung, Service Die Firma hat reiche Erfahrungen mit den Elektroinstallationen des Wohn -, Industrie-, Spezialtyps. Diese T\u00e4tigkeiten werden komplex, von der Verarbeitung der Projektdokumentation, Ingenieurgew\u00e4hrleistung, Beratungst\u00e4tigkeit bis zu der finalen Realisierung des Auftrags inklusiv der Erledigung der entsprechenden Dokumente und Erlaubnisse durchgef\u00fchrt. Blitzableiter-Systeme Wir gew\u00e4hrleisten komplette Lieferungen aller zug\u00e4nglichen Typreihen und Durchf\u00fchrungen mit der [&hellip;]<\/p>\n","protected":false},"author":1,"featured_media":0,"parent":174,"menu_order":0,"comment_status":"closed","ping_status":"closed","template":"templates\/content-template.php","meta":{"footnotes":""},"_links":{"self":[{"href":"https:\/\/www.elektro-kt.cz\/de\/wp-json\/wp\/v2\/pages\/177\/"}],"collection":[{"href":"https:\/\/www.elektro-kt.cz\/de\/wp-json\/wp\/v2\/pages\/"}],"about":[{"href":"https:\/\/www.elektro-kt.cz\/de\/wp-json\/wp\/v2\/types\/page\/"}],"author":[{"embeddable":true,"href":"https:\/\/www.elektro-kt.cz\/de\/wp-json\/wp\/v2\/users\/1\/"}],"replies":[{"embeddable":true,"href":"https:\/\/www.elektro-kt.cz\/de\/wp-json\/wp\/v2\/comments\/?post=177"}],"version-history":[{"count":1,"href":"https:\/\/www.elektro-kt.cz\/de\/wp-json\/wp\/v2\/pages\/177\/revisions\/"}],"predecessor-version":[{"id":178,"href":"https:\/\/www.elektro-kt.cz\/de\/wp-json\/wp\/v2\/pages\/177\/revisions\/178\/"}],"up":[{"embeddable":true,"href":"https:\/\/www.elektro-kt.cz\/de\/wp-json\/wp\/v2\/pages\/174\/"}],"wp:attachment":[{"href":"https:\/\/www.elektro-kt.cz\/de\/wp-json\/wp\/v2\/media\/?parent=177"}],"curies":[{"name":"wp","href":"https:\/\/api.w.org\/{rel}","templated":true}]}}