{"id":145,"date":"2019-02-25T19:03:08","date_gmt":"2019-02-25T18:03:08","guid":{"rendered":"http:\/\/dev.pandapoint.cz\/projekty\/elektro\/?page_id=145"},"modified":"2019-02-25T19:03:08","modified_gmt":"2019-02-25T18:03:08","slug":"referenz","status":"publish","type":"page","link":"https:\/\/www.elektro-kt.cz\/de\/referenz\/","title":{"rendered":"Referenz"},"content":{"rendered":"<ul>\n<li>Fu\u00dfballstadion Sl\u00e1via \u2013 Vr\u0161ovice<\/li>\n<li>Ark\u00e1dia \u2013 Shopingcentre \u2013 Praha Pankr\u00e1c<\/li>\n<li>Olympia Shoping Centre II. \u2013 Plze\u0148<\/li>\n<li>Kaufland \u2013 Klatovy\u00a0Auto Nejdl \u2013 Klatovy<\/li>\n<li>Travel Frre \u2013 Shoping Centre \u2013 Al\u017eb\u011bt\u00edn<\/li>\n<li>Klattauer Katakombe<\/li>\n<\/ul>\n","protected":false},"excerpt":{"rendered":"<p>Fu\u00dfballstadion Sl\u00e1via \u2013 Vr\u0161ovice Ark\u00e1dia \u2013 Shopingcentre \u2013 Praha Pankr\u00e1c Olympia Shoping Centre II. \u2013 Plze\u0148 Kaufland \u2013 Klatovy\u00a0Auto Nejdl \u2013 Klatovy Travel Frre \u2013 Shoping Centre \u2013 Al\u017eb\u011bt\u00edn Klattauer Katakombe<\/p>\n","protected":false},"author":1,"featured_media":0,"parent":0,"menu_order":0,"comment_status":"closed","ping_status":"closed","template":"templates\/content-template.php","meta":{"footnotes":""},"_links":{"self":[{"href":"https:\/\/www.elektro-kt.cz\/de\/wp-json\/wp\/v2\/pages\/145\/"}],"collection":[{"href":"https:\/\/www.elektro-kt.cz\/de\/wp-json\/wp\/v2\/pages\/"}],"about":[{"href":"https:\/\/www.elektro-kt.cz\/de\/wp-json\/wp\/v2\/types\/page\/"}],"author":[{"embeddable":true,"href":"https:\/\/www.elektro-kt.cz\/de\/wp-json\/wp\/v2\/users\/1\/"}],"replies":[{"embeddable":true,"href":"https:\/\/www.elektro-kt.cz\/de\/wp-json\/wp\/v2\/comments\/?post=145"}],"version-history":[{"count":1,"href":"https:\/\/www.elektro-kt.cz\/de\/wp-json\/wp\/v2\/pages\/145\/revisions\/"}],"predecessor-version":[{"id":146,"href":"https:\/\/www.elektro-kt.cz\/de\/wp-json\/wp\/v2\/pages\/145\/revisions\/146\/"}],"wp:attachment":[{"href":"https:\/\/www.elektro-kt.cz\/de\/wp-json\/wp\/v2\/media\/?parent=145"}],"curies":[{"name":"wp","href":"https:\/\/api.w.org\/{rel}","templated":true}]}}