{"id":140,"date":"2019-02-25T19:00:12","date_gmt":"2019-02-25T18:00:12","guid":{"rendered":"http:\/\/dev.pandapoint.cz\/projekty\/elektro\/?page_id=140"},"modified":"2019-02-26T17:11:08","modified_gmt":"2019-02-26T16:11:08","slug":"contact","status":"publish","type":"page","link":"https:\/\/www.elektro-kt.cz\/de\/contact\/","title":{"rendered":"Contact"},"content":{"rendered":"<h3><u>Sitz der Gesellschaft:<\/u><\/h3>\n<p><b>ELEKTRO KT GROUP, GmbH<\/b><br \/>\nMl\u00fdnsk\u00e1 60\/2<br \/>\n160 00 Praha 6<br \/>\nI\u010c 279 67 280<br \/>\nDI\u010c CZ27967280<\/p>\n<h3><u>Korrespondenzadresse:<\/u><\/h3>\n<p>ELEKTRO KT GROUP, GmbH<br \/>\nPr\u016fmyslov\u00e1 927\/II<br \/>\n339 01 Klatovy<br \/>\nI\u010c 279 67 280<br \/>\nDI\u010c CZ27967280<\/p>\n<p><b>Petr \u0158\u00edha<\/b>\u00a0\u2013 Gesch\u00e4ftsf\u00fchrer der Gesellschaft<br \/>\n<b>Ivana \u0158\u00edhov\u00e1<\/b>\u00a0&#8211; Gesch\u00e4ftsf\u00fchrerin der Gesellschaft<\/p>\n<p>Tel: 777 050 763<br \/>\nTel: 376 322 000<br \/>\nFax: 376 323 000<br \/>\ne-mail: group@elektro-kt.cz<br \/>\ne-mail: riha@elektro-kt.cz<br \/>\nwww elektro-kt.cz<\/p>\n<h3><u>Zweigstelle Westb\u00f6hmen &#8211; Westb\u00f6hmen<\/u><\/h3>\n<p>Tel: 777 050 766 \/Ing.Korec Ji\u0159\u00ed \u2013 Montageleiter\/<br \/>\nTel: 777 050 769 \/p.Sulek Pavel \u2013 Lagerwirtschaft\/<\/p>\n","protected":false},"excerpt":{"rendered":"<p>Sitz der Gesellschaft: ELEKTRO KT GROUP, GmbH Ml\u00fdnsk\u00e1 60\/2 160 00 Praha 6 I\u010c 279 67 280 DI\u010c CZ27967280 Korrespondenzadresse: ELEKTRO KT GROUP, GmbH Pr\u016fmyslov\u00e1 927\/II 339 01 Klatovy I\u010c 279 67 280 DI\u010c CZ27967280 Petr \u0158\u00edha\u00a0\u2013 Gesch\u00e4ftsf\u00fchrer der Gesellschaft Ivana \u0158\u00edhov\u00e1\u00a0&#8211; Gesch\u00e4ftsf\u00fchrerin der Gesellschaft Tel: 777 050 763 Tel: 376 322 000 Fax: 376 [&hellip;]<\/p>\n","protected":false},"author":1,"featured_media":0,"parent":0,"menu_order":0,"comment_status":"closed","ping_status":"closed","template":"templates\/kontakt-template.php","meta":{"footnotes":""},"_links":{"self":[{"href":"https:\/\/www.elektro-kt.cz\/de\/wp-json\/wp\/v2\/pages\/140\/"}],"collection":[{"href":"https:\/\/www.elektro-kt.cz\/de\/wp-json\/wp\/v2\/pages\/"}],"about":[{"href":"https:\/\/www.elektro-kt.cz\/de\/wp-json\/wp\/v2\/types\/page\/"}],"author":[{"embeddable":true,"href":"https:\/\/www.elektro-kt.cz\/de\/wp-json\/wp\/v2\/users\/1\/"}],"replies":[{"embeddable":true,"href":"https:\/\/www.elektro-kt.cz\/de\/wp-json\/wp\/v2\/comments\/?post=140"}],"version-history":[{"count":4,"href":"https:\/\/www.elektro-kt.cz\/de\/wp-json\/wp\/v2\/pages\/140\/revisions\/"}],"predecessor-version":[{"id":244,"href":"https:\/\/www.elektro-kt.cz\/de\/wp-json\/wp\/v2\/pages\/140\/revisions\/244\/"}],"wp:attachment":[{"href":"https:\/\/www.elektro-kt.cz\/de\/wp-json\/wp\/v2\/media\/?parent=140"}],"curies":[{"name":"wp","href":"https:\/\/api.w.org\/{rel}","templated":true}]}}